{"id":322,"date":"2022-01-31T09:14:17","date_gmt":"2022-01-31T09:14:17","guid":{"rendered":"https:\/\/unisad.nl\/haftungsausschluss\/"},"modified":"2022-02-02T18:21:39","modified_gmt":"2022-02-02T18:21:39","slug":"haftungsausschluss","status":"publish","type":"page","link":"https:\/\/unisad.nl\/de\/haftungsausschluss\/","title":{"rendered":"Haftungsausschluss"},"content":{"rendered":"\n[et_pb_section fb_built=&#8220;1&#8243; custom_padding_last_edited=&#8220;on|phone&#8220; admin_label=&#8220;home&#8220; module_id=&#8220;home&#8220; _builder_version=&#8220;4.14.7&#8243; background_color=&#8220;#bc1129&#8243; background_enable_image=&#8220;off&#8220; parallax=&#8220;on&#8220; custom_padding=&#8220;0px||0px||false|false&#8220; custom_padding_tablet=&#8220;&#8220; custom_padding_phone=&#8220;10px||10px||true|false&#8220; global_colors_info=&#8220;{}&#8220; locked=&#8220;off&#8220;][et_pb_row admin_label=&#8220;Section Header&#8220; _builder_version=&#8220;4.14.7&#8243; module_alignment=&#8220;center&#8220; custom_padding=&#8220;89px|0px|0px|0px|false|false&#8220; global_colors_info=&#8220;{}&#8220;][et_pb_column type=&#8220;4_4&#8243; _builder_version=&#8220;3.25&#8243; custom_padding=&#8220;|||&#8220; global_colors_info=&#8220;{}&#8220; custom_padding__hover=&#8220;|||&#8220;][et_pb_image src=&#8220;https:\/\/sofrapejone.com\/wp-content\/uploads\/2022\/01\/Logo_Unisad_DEF_website_Wit-1.svg&#8220; title_text=&#8220;Logo_Unisad_DEF_website_Wit-1&#8243; align=&#8220;center&#8220; _builder_version=&#8220;4.14.7&#8243; _module_preset=&#8220;80f39b97-cc34-48bf-8e4a-455f1a7e6937&#8243; width=&#8220;19%&#8220; width_tablet=&#8220;32%&#8220; width_phone=&#8220;50%&#8220; width_last_edited=&#8220;on|phone&#8220; hover_enabled=&#8220;0&#8243; global_colors_info=&#8220;{}&#8220; sticky_enabled=&#8220;0&#8243;][\/et_pb_image][et_pb_text _builder_version=&#8220;4.14.7&#8243; _module_preset=&#8220;default&#8220; header_font=&#8220;|300|||||||&#8220; header_text_align=&#8220;center&#8220; header_text_color=&#8220;#FFFFFF&#8220; header_font_size=&#8220;23px&#8220; header_letter_spacing=&#8220;4px&#8220; custom_margin=&#8220;-6px||-2px|||&#8220; hover_enabled=&#8220;0&#8243; global_colors_info=&#8220;{}&#8220; header_font_size_last_edited=&#8220;on|phone&#8220; header_font_size_phone=&#8220;19px&#8220; header_line_height=&#8220;1.3em&#8220; sticky_enabled=&#8220;0&#8243; header_font_size_tablet=&#8220;23px&#8220;]<h1>Haftungsausschluss<\/h1>[\/et_pb_text][et_pb_text module_id=&#8220;producten&#8220; _builder_version=&#8220;4.14.7&#8243; _module_preset=&#8220;default&#8220; custom_padding=&#8220;||16px|||&#8220; global_colors_info=&#8220;{}&#8220;][\/et_pb_text][\/et_pb_column][\/et_pb_row][\/et_pb_section][et_pb_section fb_built=&#8220;1&#8243; admin_label=&#8220;uitbenen&#8220; module_id=&#8220;dienstleistung&#8220; _builder_version=&#8220;4.14.7&#8243; _module_preset=&#8220;default&#8220; global_colors_info=&#8220;{}&#8220;][et_pb_row _builder_version=&#8220;4.14.1&#8243; _module_preset=&#8220;default&#8220; global_colors_info=&#8220;{}&#8220;][et_pb_column type=&#8220;4_4&#8243; _builder_version=&#8220;4.14.1&#8243; _module_preset=&#8220;default&#8220; global_colors_info=&#8220;{}&#8220;][et_pb_text _builder_version=&#8220;4.14.7&#8243; _module_preset=&#8220;default&#8220; text_text_color=&#8220;#000000&#8243; text_font_size=&#8220;18px&#8220; global_colors_info=&#8220;{}&#8220;]<p>Die Informationen \u00fcber <a href=\"http:\/\/www.unisad.nl\">www.unisad.nl<\/a> dienen nur allgemeinen Informationszwecken. Die Informationen werden von Unisad B.V. Handelskammer Nummer 76244555 und Unisad Firmennummer 0838409897 (Unisad) zur Verf\u00fcgung gestellt. Unisad beh\u00e4lt sich das Recht vor, den Inhalt jederzeit zu \u00e4ndern oder Teile davon zu entfernen.<\/p>\n<p>Unisad bem\u00fcht sich, den Inhalt der Website so oft wie m\u00f6glich zu aktualisieren und\/oder zu erg\u00e4nzen. Trotz dieser Sorgfalt und Aufmerksamkeit ist es m\u00f6glich, dass der Inhalt unvollst\u00e4ndig und \/ oder falsch ist. Die auf der Website angebotenen Produkte und Dienstleistungen werden ohne jegliche Garantie oder Anspruch auf Richtigkeit angeboten. Diese Produkte und Dienstleistungen k\u00f6nnen jederzeit ohne vorherige Ank\u00fcndigung von Unisad ge\u00e4ndert werden. Speziell \u00fcber Preise und andere Informationen \u00fcber Produkte und Dienstleistungen besteht ein Vorbehalt von offensichtlichen Programmier- und Tippfehlern. Sie k\u00f6nnen keine Vereinbarung mit Unisad aufgrund solcher Fehler beanspruchen. Unisad kann niemals eine Haftung f\u00fcr Hyperlinks zu Websites oder Diensten Dritter \u00fcbernehmen, die auf der Website enthalten sind.<\/p>\n<p>Alle geistigen Eigentumsrechte an Produkten, Dienstleistungen und Materialien liegen bei Unisad. Kopien, Verbreitung und jede andere Verwendung dieser Materialien ist ohne die Genehmigung von Unisad nicht gestattet, es sei denn, dies ist in zwingenden Vorschriften des zwingenden Rechts (z. B. dem Recht auf Zitieren) etwas anderes vorgesehen, sofern in bestimmten Materialien nichts anderes angegeben ist.<\/p>\n<p>Dieser Haftungsausschluss kann sich von Zeit zu Zeit \u00e4ndern.<\/p>[\/et_pb_text][\/et_pb_column][\/et_pb_row][\/et_pb_section]\n","protected":false},"excerpt":{"rendered":"<p>HaftungsausschlussDie Informationen \u00fcber www.unisad.nl dienen nur allgemeinen Informationszwecken. Die Informationen werden von Unisad B.V. Handelskammer Nummer 76244555 und Unisad Firmennummer 0838409897 (Unisad) zur Verf\u00fcgung gestellt. Unisad beh\u00e4lt sich das Recht vor, den Inhalt jederzeit zu \u00e4ndern oder Teile davon zu entfernen. Unisad bem\u00fcht sich, den Inhalt der Website so oft wie m\u00f6glich zu aktualisieren und\/oder [&hellip;]<\/p>\n","protected":false},"author":1,"featured_media":0,"parent":0,"menu_order":0,"comment_status":"closed","ping_status":"closed","template":"","meta":{"_et_pb_use_builder":"on","_et_pb_old_content":"","_et_gb_content_width":"","inline_featured_image":false,"footnotes":""},"class_list":["post-322","page","type-page","status-publish","hentry"],"_links":{"self":[{"href":"https:\/\/unisad.nl\/de\/wp-json\/wp\/v2\/pages\/322","targetHints":{"allow":["GET"]}}],"collection":[{"href":"https:\/\/unisad.nl\/de\/wp-json\/wp\/v2\/pages"}],"about":[{"href":"https:\/\/unisad.nl\/de\/wp-json\/wp\/v2\/types\/page"}],"author":[{"embeddable":true,"href":"https:\/\/unisad.nl\/de\/wp-json\/wp\/v2\/users\/1"}],"replies":[{"embeddable":true,"href":"https:\/\/unisad.nl\/de\/wp-json\/wp\/v2\/comments?post=322"}],"version-history":[{"count":5,"href":"https:\/\/unisad.nl\/de\/wp-json\/wp\/v2\/pages\/322\/revisions"}],"predecessor-version":[{"id":327,"href":"https:\/\/unisad.nl\/de\/wp-json\/wp\/v2\/pages\/322\/revisions\/327"}],"wp:attachment":[{"href":"https:\/\/unisad.nl\/de\/wp-json\/wp\/v2\/media?parent=322"}],"curies":[{"name":"wp","href":"https:\/\/api.w.org\/{rel}","templated":true}]}}