{"id":339,"date":"2022-01-31T08:03:35","date_gmt":"2022-01-31T08:03:35","guid":{"rendered":"https:\/\/unisad.nl\/privacy-en-cookieverklaring\/"},"modified":"2022-02-03T11:00:25","modified_gmt":"2022-02-03T11:00:25","slug":"datenschutz-und-cookie-erklaerung","status":"publish","type":"page","link":"https:\/\/unisad.nl\/de\/datenschutz-und-cookie-erklaerung\/","title":{"rendered":"Datenschutz- und Cookie-Erkl\u00e4rung"},"content":{"rendered":"<p>[et_pb_section fb_built=&#8220;1&#8243; custom_padding_last_edited=&#8220;on|phone&#8220; admin_label=&#8220;home&#8220; module_id=&#8220;home&#8220; _builder_version=&#8220;4.14.7&#8243; background_color=&#8220;#bc1129&#8243; background_enable_image=&#8220;off&#8220; parallax=&#8220;on&#8220; custom_padding=&#8220;0px||0px||false|false&#8220; custom_padding_tablet=&#8220;&#8220; custom_padding_phone=&#8220;10px||10px||true|false&#8220; global_colors_info=&#8220;{}&#8220;][et_pb_row admin_label=&#8220;Section Header&#8220; _builder_version=&#8220;4.14.7&#8243; module_alignment=&#8220;center&#8220; custom_padding=&#8220;89px|0px|0px|0px|false|false&#8220; global_colors_info=&#8220;{}&#8220;][et_pb_column type=&#8220;4_4&#8243; _builder_version=&#8220;3.25&#8243; custom_padding=&#8220;|||&#8220; global_colors_info=&#8220;{}&#8220; custom_padding__hover=&#8220;|||&#8220;][et_pb_image src=&#8220;https:\/\/sofrapejone.com\/wp-content\/uploads\/2022\/01\/Logo_Unisad_DEF_website_Wit-1.svg&#8220; title_text=&#8220;Logo_Unisad_DEF_website_Wit-1&#8243; align=&#8220;center&#8220; _builder_version=&#8220;4.14.7&#8243; _module_preset=&#8220;80f39b97-cc34-48bf-8e4a-455f1a7e6937&#8243; width=&#8220;19%&#8220; width_tablet=&#8220;32%&#8220; width_phone=&#8220;50%&#8220; width_last_edited=&#8220;on|phone&#8220; global_colors_info=&#8220;{}&#8220;][\/et_pb_image][et_pb_text _builder_version=&#8220;4.14.7&#8243; _module_preset=&#8220;default&#8220; header_font=&#8220;|300|||||||&#8220; header_text_align=&#8220;center&#8220; header_text_color=&#8220;#FFFFFF&#8220; header_font_size=&#8220;23px&#8220; header_letter_spacing=&#8220;4px&#8220; header_line_height=&#8220;1.3em&#8220; custom_margin=&#8220;-6px||-2px|||&#8220; header_font_size_tablet=&#8220;23px&#8220; header_font_size_phone=&#8220;19px&#8220; header_font_size_last_edited=&#8220;on|phone&#8220; global_colors_info=&#8220;{}&#8220;]<\/p>\n<h1>Datenschutz- und Cookie-Erkl\u00e4rung<\/h1>\n<p>[\/et_pb_text][et_pb_text module_id=&#8220;producten&#8220; _builder_version=&#8220;4.14.7&#8243; _module_preset=&#8220;default&#8220; custom_padding=&#8220;||16px|||&#8220; global_colors_info=&#8220;{}&#8220;][\/et_pb_text][\/et_pb_column][\/et_pb_row][\/et_pb_section][et_pb_section fb_built=&#8220;1&#8243; admin_label=&#8220;uitbenen&#8220; module_id=&#8220;dienstleistung&#8220; _builder_version=&#8220;4.14.7&#8243; _module_preset=&#8220;default&#8220; global_colors_info=&#8220;{}&#8220;][et_pb_row _builder_version=&#8220;4.14.1&#8243; _module_preset=&#8220;default&#8220; global_colors_info=&#8220;{}&#8220;][et_pb_column type=&#8220;4_4&#8243; _builder_version=&#8220;4.14.1&#8243; _module_preset=&#8220;default&#8220; global_colors_info=&#8220;{}&#8220;][et_pb_text _builder_version=&#8220;4.14.7&#8243; _module_preset=&#8220;default&#8220; text_text_color=&#8220;#000000&#8243; text_font_size=&#8220;18px&#8220; global_colors_info=&#8220;{}&#8220;]<\/p>\n<p>Unisad B.V., mit Sitz in der Vroomshoopstraat 5 5036 TT Tilburg, Niederlande und in Broekkempweg 6 3680 Maaseik, Belgien, ist f\u00fcr die Verarbeitung personenbezogener Daten gem\u00e4\u00df dieser Datenschutzerkl\u00e4rung verantwortlich.<\/p>\n<p><strong>Wir verwenden Ihre personenbezogenen Daten nur f\u00fcr unsere Dienstleistungen oder die Durchf\u00fchrung eines Vertrages<\/strong><\/p>\n<p>Sie kaufen unsere Produkte, nutzen unsere Dienstleistungen oder stellen uns diese Informationen selbst per E-Mail, Telefon oder \u00fcber das Kontaktformular auf der Website zur Verf\u00fcgung. Wir verwenden Ihre personenbezogenen Daten wie folgt:<\/p>\n<ul>\n<li>Angebotserstellung, Auftragsbest\u00e4tigung, Lieferschein und Rechnung.<\/li>\n<li>Abwicklung Ihrer Zahlung.<\/li>\n<li>Um Sie anrufen oder ihnen eine E-Mail senden zu k\u00f6nnen, wenn dies erforderlich ist, um unsere Dienstleistungen erbringen zu k\u00f6nnen.<\/li>\n<li>Um Sie \u00fcber \u00c4nderungen an unseren Produkten und Dienstleistungen zu informieren.<\/li>\n<li>Um Ihre gekauften Produkte und Dienstleistungen zu liefern.<\/li>\n<\/ul>\n<p><strong>Wir verarbeiten folgende personenbezogene Daten<\/strong><\/p>\n<ul>\n<li>Firmenname.<\/li>\n<li>Kontaktperson f\u00fcr Vor- und Nachname.<\/li>\n<li>Firmenadresse.<\/li>\n<li>Telefonnummer des Unternehmens.<\/li>\n<li>Gesch\u00e4ftliche Telefonnummer Kontaktperson.<\/li>\n<li>E-Mail-Adresse Firma und Ansprechpartner.<\/li>\n<li>Andere personenbezogene Daten, die Sie aktiv in schriftlicher und m\u00fcndlicher Kommunikation angeben, wie z. B. eine Gesch\u00e4ftskontonummer und eine Umsatzsteuer-Identifikationsnummer.<\/li>\n<\/ul>\n<p><strong>Wir verwenden nur technische und funktionale Cookies auf der Website<\/strong><br \/>Und analytische Cookies, die Ihre Privatsph\u00e4re nicht verletzen. Ein Cookie ist eine kleine Textdatei, die auf Ihrem Computer, Tablet oder Smartphone gespeichert wird, wenn Sie diese Website zum ersten Mal besuchen. Die von uns verwendeten Cookies sind f\u00fcr den technischen Betrieb der Website und Ihre Benutzerfreundlichkeit erforderlich. Sie sorgen daf\u00fcr, dass die Website ordnungsgem\u00e4\u00df funktioniert und merken sich beispielsweise Ihre bevorzugten Einstellungen. Es erm\u00f6glicht uns auch, unsere Website zu optimieren. Sie k\u00f6nnen Cookies ablehnen, indem Sie Ihren Internetbrowser so einstellen, dass er keine Cookies mehr speichert. Dar\u00fcber hinaus k\u00f6nnen Sie auch alle zuvor gespeicherten Informationen \u00fcber die Einstellungen Ihres Browsers l\u00f6schen.<\/p>\n<p><strong>Wir speichern Ihre personenbezogenen Daten nicht l\u00e4nger als unbedingt erforderlich, um die Zwecke zu erreichen, f\u00fcr die Ihre Daten erhoben werden.<\/strong><\/p>\n<p><strong>Wir verkaufen Ihre Daten nicht an Dritte und geben sie nur bei Bedarf weiter<\/strong><br \/>Zur Ausf\u00fchrung unserer Vereinbarung mit Ihnen oder zur Erf\u00fcllung einer gesetzlichen Verpflichtung. Mit Unternehmen, die Ihre Daten in unserem Auftrag verarbeiten, schlie\u00dfen wir eine Auftragsverarbeitungsvereinbarung ab, um das gleiche Ma\u00df an Sicherheit und Vertraulichkeit Ihrer Daten zu gew\u00e4hrleisten. Wenn wir Ihre personenbezogenen Daten an andere Dritte weitergeben, geschieht dies nur mit Ihrer ausdr\u00fccklichen Zustimmung.<\/p>\n<p><strong>Wir nehmen den Schutz Ihrer Daten ernst<\/strong><br \/>Und ergreifen Sie geeignete Ma\u00dfnahmen, um Missbrauch, Verlust, unbefugten Zugriff, unerw\u00fcnschte Offenlegung und unbefugte \u00c4nderung zu verhindern. Wir ben\u00f6tigen Dritte, die Ihre personenbezogenen Daten verarbeiten oder verarbeiten, damit wir dies tun k\u00f6nnen. Wenn Sie der Meinung sind, dass Ihre Daten nicht ordnungsgem\u00e4\u00df gesichert sind oder es Hinweise auf Missbrauch gibt, kontaktieren Sie uns bitte \u00fcber info@unisad.nl.<\/p>\n<p><strong>Sie k\u00f6nnen Ihre Daten einsehen, \u00e4ndern oder l\u00f6schen<\/strong><br \/>Dar\u00fcber hinaus haben Sie das Recht, Ihre Einwilligung zur Datenverarbeitung zu widerrufen oder der Verarbeitung Ihrer personenbezogenen Daten durch uns zu widersprechen und Sie haben das Recht auf Daten\u00fcbertragbarkeit. Dies bedeutet, dass Sie eine Anfrage an uns senden k\u00f6nnen, um die personenbezogenen Daten, die wir \u00fcber Sie in einer Computerdatei gespeichert haben, an Sie oder eine andere von Ihnen genannte Organisation zu senden.<\/p>\n<p><strong>M\u00f6chten Sie Ihre personenbezogenen Daten einsehen, \u00e4ndern, l\u00f6schen oder \u00fcbertragen?<\/strong><br \/>Oder m\u00f6chten Sie Ihre Einwilligung widerrufen oder der Verarbeitung Ihrer personenbezogenen Daten widersprechen? Senden Sie eine E-Mail an info@unisad.nl. Wir werden Ihre Anfrage so schnell wie m\u00f6glich, jedoch innerhalb von vier Wochen beantworten. Wir weisen Sie auch auf die M\u00f6glichkeit hin, eine Beschwerde bei der nationalen Aufsichtsbeh\u00f6rde, der niederl\u00e4ndischen Datenschutzbeh\u00f6rde, einzureichen. Dies kann \u00fcber folgenden Link erfolgen: <span style=\"color: #bc1129;\"><a href=\"https:\/\/autoriteitpersoonsgegevens.nl\/nl\/contact-met-de-autoriteit-persoonsgegevens\/tip-ons\" target=\"_blank\" rel=\"noopener\" style=\"color: #bc1129;\">https:\/\/autoriteitpersoonsgegevens.nl\/nl\/contact-met-de-autoriteit-persoonsgegevens\/tip-ons<\/a>.<\/span><\/p>\n<p>[\/et_pb_text][\/et_pb_column][\/et_pb_row][\/et_pb_section]<\/p>\n","protected":false},"excerpt":{"rendered":"<p>Datenschutz- und Cookie-Erkl\u00e4rungUnisad B.V., mit Sitz in der Vroomshoopstraat 5 5036 TT Tilburg, Niederlande und in Broekkempweg 6 3680 Maaseik, Belgien, ist f\u00fcr die Verarbeitung personenbezogener Daten gem\u00e4\u00df dieser Datenschutzerkl\u00e4rung verantwortlich. Wir verwenden Ihre personenbezogenen Daten nur f\u00fcr unsere Dienstleistungen oder die Durchf\u00fchrung eines Vertrages Sie kaufen unsere Produkte, nutzen unsere Dienstleistungen oder stellen uns [&hellip;]<\/p>\n","protected":false},"author":1,"featured_media":0,"parent":0,"menu_order":0,"comment_status":"closed","ping_status":"closed","template":"","meta":{"_et_pb_use_builder":"on","_et_pb_old_content":"","_et_gb_content_width":"","inline_featured_image":false,"footnotes":""},"class_list":["post-339","page","type-page","status-publish","hentry"],"_links":{"self":[{"href":"https:\/\/unisad.nl\/de\/wp-json\/wp\/v2\/pages\/339","targetHints":{"allow":["GET"]}}],"collection":[{"href":"https:\/\/unisad.nl\/de\/wp-json\/wp\/v2\/pages"}],"about":[{"href":"https:\/\/unisad.nl\/de\/wp-json\/wp\/v2\/types\/page"}],"author":[{"embeddable":true,"href":"https:\/\/unisad.nl\/de\/wp-json\/wp\/v2\/users\/1"}],"replies":[{"embeddable":true,"href":"https:\/\/unisad.nl\/de\/wp-json\/wp\/v2\/comments?post=339"}],"version-history":[{"count":17,"href":"https:\/\/unisad.nl\/de\/wp-json\/wp\/v2\/pages\/339\/revisions"}],"predecessor-version":[{"id":520,"href":"https:\/\/unisad.nl\/de\/wp-json\/wp\/v2\/pages\/339\/revisions\/520"}],"wp:attachment":[{"href":"https:\/\/unisad.nl\/de\/wp-json\/wp\/v2\/media?parent=339"}],"curies":[{"name":"wp","href":"https:\/\/api.w.org\/{rel}","templated":true}]}}